{"id":1173,"date":"2022-03-01T14:09:50","date_gmt":"2022-03-01T14:09:50","guid":{"rendered":"https:\/\/lgarea.com\/lg-area-fiscal-legal\/"},"modified":"2023-04-25T09:14:38","modified_gmt":"2023-04-25T09:14:38","slug":"lg-area-fiscal-legal","status":"publish","type":"page","link":"https:\/\/lgarea.com\/es\/","title":{"rendered":"LG \u00e0rea fiscal-legal"},"content":{"rendered":"\n<div class=\"wp-block-cover alignfull is-light barraBlava\" style=\"min-height:300px;aspect-ratio:unset;\"><span aria-hidden=\"true\" class=\"wp-block-cover__background has-background-dim-100 has-background-dim has-background-gradient\" style=\"background:linear-gradient(90deg,rgb(0,0,195) 0%,rgb(0,0,110) 97%)\"><\/span><div class=\"wp-block-cover__inner-container is-layout-flow wp-block-cover-is-layout-flow\">\n<div class=\"wp-block-columns nomarge is-layout-flex wp-container-core-columns-is-layout-28f84493 wp-block-columns-is-layout-flex\">\n<div class=\"wp-block-column barraBlava animate__animated animate__fadeIn is-layout-flow wp-block-column-is-layout-flow\">\n<div style=\"height:100px\" aria-hidden=\"true\" class=\"wp-block-spacer\"><\/div>\n\n\n\n<h1 class=\"wp-block-heading has-text-color\" id=\"assessorament-integral\" style=\"color:#ffffff\">Asesoramiento integral.<\/h1>\n\n\n\n<div style=\"height:20px\" aria-hidden=\"true\" class=\"wp-block-spacer\"><\/div>\n\n\n\n<p class=\"bloctextdlt has-text-color\" style=\"color:#ffffff\">LG \u00e1rea es una empresa dedicada al asesoramiento y gesti\u00f3n empresarial ya sea de tipo fiscal, social, laboral o contable. Sin olvidar los temas jur\u00eddicos, tanto para la empresa como para el particular.<\/p>\n<\/div>\n\n\n\n<div class=\"wp-block-column animate__animated animate__fadeInRight is-layout-flow wp-block-column-is-layout-flow\">\n<figure class=\"wp-block-image size-large nomarge imatgePos\"><img loading=\"lazy\" decoding=\"async\" width=\"878\" height=\"1024\" src=\"https:\/\/lgarea.com\/wp-content\/uploads\/2021\/07\/img-home-878x1024.jpg\" alt=\"\" class=\"wp-image-735\" srcset=\"https:\/\/lgarea.com\/wp-content\/uploads\/2021\/07\/img-home-878x1024.jpg 878w, https:\/\/lgarea.com\/wp-content\/uploads\/2021\/07\/img-home-257x300.jpg 257w, https:\/\/lgarea.com\/wp-content\/uploads\/2021\/07\/img-home-768x896.jpg 768w, https:\/\/lgarea.com\/wp-content\/uploads\/2021\/07\/img-home.jpg 1200w\" sizes=\"auto, (max-width: 878px) 100vw, 878px\" \/><\/figure>\n<\/div>\n<\/div>\n<\/div><\/div>\n\n\n\n<div class=\"wp-block-cover alignfull is-light animate__animated animate__fadeInUp\"><span aria-hidden=\"true\" class=\"wp-block-cover__background has-background-dim-100 has-background-dim\" style=\"background-color:#fafafa\"><\/span><div class=\"wp-block-cover__inner-container is-layout-flow wp-block-cover-is-layout-flow\">\n<div style=\"height:140px\" aria-hidden=\"true\" id=\"serveis\" class=\"wp-block-spacer\"><\/div>\n\n\n\n<h2 class=\"wp-block-heading alignwide has-text-align-center has-text-color\" id=\"serveis\" style=\"color:#0000c3\">Servicios.<\/h2>\n\n\n\n<div style=\"height:20px\" aria-hidden=\"true\" class=\"wp-block-spacer\"><\/div>\n\n\n\n<div class=\"wp-block-columns is-layout-flex wp-container-core-columns-is-layout-28f84493 wp-block-columns-is-layout-flex\">\n<div class=\"wp-block-column is-layout-flow wp-block-column-is-layout-flow\">\n<figure class=\"wp-block-image aligncenter size-full is-resized\"><img loading=\"lazy\" decoding=\"async\" src=\"https:\/\/lgarea.com\/wp-content\/uploads\/2021\/08\/lg-ic-01.svg\" alt=\"\" class=\"wp-image-873\" width=\"100\" height=\"100\"\/><\/figure>\n\n\n\n<h4 class=\"wp-block-heading has-text-align-center has-text-color\" id=\"assessoria\" style=\"color:#0000c3;font-size:28px\"><meta charset=\"utf-8\"><span style=\"color:#0000c3\" class=\"has-inline-color\">Asesor\u00eda<\/span><\/h4>\n\n\n\n<p class=\"has-text-align-center vline\"><\/p>\n\n\n\n<p class=\"has-text-align-center has-text-color\" style=\"color:#3b3b3b;font-size:18px\"><meta charset=\"utf-8\">\u00c1rea Fiscal<br>\u00c1rea Contable<br>\u00c0rea Laboral<br>Declaraciones de renta<\/p>\n<\/div>\n\n\n\n<div class=\"wp-block-column is-layout-flow wp-block-column-is-layout-flow\">\n<figure class=\"wp-block-image aligncenter size-full is-resized\"><img loading=\"lazy\" decoding=\"async\" src=\"https:\/\/lgarea.com\/wp-content\/uploads\/2021\/08\/lg-ic-02.svg\" alt=\"\" class=\"wp-image-875\" width=\"100\" height=\"100\"\/><\/figure>\n\n\n\n<h4 class=\"wp-block-heading has-text-align-center has-text-color\" id=\"finques\" style=\"color:#0000c3;font-size:28px\"><meta charset=\"utf-8\"><span style=\"color:#0000c3\" class=\"has-inline-color\">Fincas<\/span><\/h4>\n\n\n\n<p class=\"has-text-align-center vline\"><\/p>\n\n\n\n<p class=\"has-text-align-center has-text-color\" style=\"color:#3b3b3b;font-size:18px\"><meta charset=\"utf-8\"><meta charset=\"utf-8\">Administraci\u00f3n de fincas<br>Administraci\u00f3n de alquileres<br>Confecci\u00f3n de contratos de alquiler<\/p>\n<\/div>\n<\/div>\n\n\n\n<div style=\"height:50px\" aria-hidden=\"true\" class=\"wp-block-spacer\"><\/div>\n\n\n\n<div class=\"wp-block-columns is-layout-flex wp-container-core-columns-is-layout-28f84493 wp-block-columns-is-layout-flex\">\n<div class=\"wp-block-column is-layout-flow wp-block-column-is-layout-flow\" style=\"flex-basis:20%\">\n<h6 class=\"wp-block-heading has-text-color\" id=\"area-fiscal\" style=\"color:#0000c3;font-size:22px\"><meta charset=\"utf-8\">\u00c1rea fiscal<\/h6>\n\n\n\n<ul class=\"has-text-color wp-block-list\" style=\"color:#3b3b3b\">\n<li>Constituci\u00f3n de empresas y sociedades.<\/li>\n\n\n\n<li>Extranjer\u00eda.<\/li>\n\n\n\n<li>Tr\u00e1mites en el registro.<\/li>\n\n\n\n<li>Declaraciones impuestos.<\/li>\n\n\n\n<li>Declaraciones registro cuentas anuales.<\/li>\n\n\n\n<li>Asistencia y representaci\u00f3n frente a inspecciones de hacienda.<\/li>\n\n\n\n<li>Asesoramiento tributario y planificaci\u00f3n fiscal.<\/li>\n\n\n\n<li>Declaraciones informativas.<\/li>\n\n\n\n<li>Recursos.<\/li>\n\n\n\n<li>Declaraci\u00f3n aduanas (Intrasat).<\/li>\n\n\n\n<li>Tr\u00e1mites con las administraciones.<\/li>\n<\/ul>\n<\/div>\n\n\n\n<div class=\"wp-block-column is-layout-flow wp-block-column-is-layout-flow\" style=\"flex-basis:20%\">\n<h6 class=\"wp-block-heading has-text-color\" id=\"area-comptable\" style=\"color:#0000c3;font-size:22px\"><meta charset=\"utf-8\">\u00c1rea Contable<\/h6>\n\n\n\n<ul class=\"has-text-color wp-block-list\" style=\"color:#3b3b3b\">\n<li>Adaptaci\u00f3n al PGC (Plan General Contable)<\/li>\n\n\n\n<li>Asesoramiento Contable en su casa.<\/li>\n\n\n\n<li>Contabilidad para PYMES.<\/li>\n\n\n\n<li>Estudios econ\u00f3micos mensuales, trimestrales etc.<\/li>\n\n\n\n<li>Cierre y apertura de ejercicio contable.<\/li>\n<\/ul>\n<\/div>\n\n\n\n<div class=\"wp-block-column is-layout-flow wp-block-column-is-layout-flow\" style=\"flex-basis:20%\">\n<h6 class=\"wp-block-heading has-text-color\" id=\"area-laboral\" style=\"color:#0000c3;font-size:22px\"><meta charset=\"utf-8\">\u00c1rea Laboral<\/h6>\n\n\n\n<ul class=\"has-text-color wp-block-list\" style=\"color:#3b3b3b\">\n<li>Asesoramiento en materia laboral y seguridad social.<\/li>\n\n\n\n<li>Estudio y aplicaci\u00f3n de convenios colectivos.<\/li>\n\n\n\n<li>Tramitaci\u00f3n de altas, bajas, IT, accidentes, etc.<\/li>\n\n\n\n<li>N\u00f3minas.<\/li>\n\n\n\n<li>Seguros Sociales.<\/li>\n\n\n\n<li>Asistencia y representaci\u00f3n en el SMAC.<\/li>\n\n\n\n<li>Asistencia y representaci\u00f3n frente a inspecci\u00f3n de trabajo.<\/li>\n\n\n\n<li>Contratos de trabajo.<\/li>\n<\/ul>\n<\/div>\n\n\n\n<div class=\"wp-block-column is-layout-flow wp-block-column-is-layout-flow\" style=\"flex-basis:20%\">\n<h6 class=\"wp-block-heading has-text-color\" id=\"area-legal\" style=\"color:#0000c3;font-size:22px\"><meta charset=\"utf-8\">\u00c1rea Legal<\/h6>\n\n\n\n<ul class=\"has-text-color wp-block-list\" style=\"color:#3b3b3b\">\n<li>Departamento Civil: separaciones, divorcios, testamentos, herencias, accidentes de tr\u00e1fico, otros.<\/li>\n\n\n\n<li>Departamento Penal: alcoholemias, delitos y faltas, violencia dom\u00e9stica y otros.<\/li>\n\n\n\n<li>Departamento Laboral: despidos, mobbing, contenciosos, otros.<\/li>\n\n\n\n<li>Departamento inmobiliario: urbanismo, defectos de construcci\u00f3n, morosos, arrendamientos.<\/li>\n\n\n\n<li>Departamento mercantil: reclamaci\u00f3n de impagados, disoluciones, quiebra o suspensi\u00f3n de pagos, accidentes laborales, otros.<\/li>\n<\/ul>\n<\/div>\n\n\n\n<div class=\"wp-block-column is-layout-flow wp-block-column-is-layout-flow\" style=\"flex-basis:20%\">\n<h6 class=\"wp-block-heading has-text-color\" id=\"area-immobiliaria\" style=\"color:#0000c3;font-size:22px\"><meta charset=\"utf-8\">\u00c1rea Inmobiliaria<\/h6>\n\n\n\n<ul class=\"has-text-color wp-block-list\" style=\"color:#3b3b3b\">\n<li>Departamento Arrendamientos: alquileres (tramitaci\u00f3n y seguimiento, redacci\u00f3n de contratos (fianzas, dep\u00f3sitos).<\/li>\n\n\n\n<li>Departamento gesti\u00f3n: Tramitaci\u00f3n de c\u00e9dulas de habitabilidad, comunidades de propietarios.<\/li>\n<\/ul>\n<\/div>\n<\/div>\n\n\n\n<div style=\"height:80px\" aria-hidden=\"true\" class=\"wp-block-spacer\"><\/div>\n<\/div><\/div>\n\n\n\n<div class=\"wp-block-cover alignfull is-light wow animate__animated animate__fadeIn\" style=\"min-height:430px;aspect-ratio:unset;\"><span aria-hidden=\"true\" class=\"wp-block-cover__background has-white-background-color has-background-dim-100 has-background-dim\"><\/span><div class=\"wp-block-cover__inner-container is-layout-flow wp-block-cover-is-layout-flow\">\n<div style=\"height:120px\" aria-hidden=\"true\" id=\"oficines\" class=\"wp-block-spacer\"><\/div>\n\n\n\n<div class=\"wp-block-columns nomarge is-layout-flex wp-container-core-columns-is-layout-28f84493 wp-block-columns-is-layout-flex\">\n<div class=\"wp-block-column is-layout-flow wp-block-column-is-layout-flow\"><\/div>\n\n\n\n<div class=\"wp-block-column positionat is-layout-flow wp-block-column-is-layout-flow\">\n<figure class=\"alignright size-full is-resized\"><img decoding=\"async\" loading=\"lazy\" src=\"https:\/\/lgarea.com\/wp-content\/uploads\/2021\/08\/lg-area-cercle.svg\" alt=\"\" class=\"cerclelg wp-image-863\" width=\"224\" height=\"224\"><\/figure>\n<\/div>\n<\/div>\n\n\n\n<div style=\"height:40px\" aria-hidden=\"true\" id=\"oficines\" class=\"wp-block-spacer\"><\/div>\n\n\n\n<div class=\"wp-block-columns is-layout-flex wp-container-core-columns-is-layout-28f84493 wp-block-columns-is-layout-flex\">\n<div class=\"wp-block-column is-layout-flow wp-block-column-is-layout-flow\">\n<h2 class=\"wp-block-heading\" id=\"oficina\"><meta charset=\"utf-8\"><span style=\"color:#0000c3\" class=\"has-inline-color\">Oficina.<\/span><\/h2>\n\n\n\n<p class=\"has-text-color\" style=\"color:#3b3b3b;font-size:18px\"><meta charset=\"utf-8\">Con la principal vocaci\u00f3n de ofrecer el mejor servicio, LG \u00c0rea se consolida con la m\u00e1xima profesionalidad fruto de una larga trayectoria. Desde nuestras oficinas trabajamos manteniendo un firme compromiso con los intereses de los clientes, ofreciendo una atenci\u00f3n personalizada y adecuada para cada tipo de necesidad.<\/p>\n\n\n\n<p class=\"direccio has-text-color\" style=\"color:#3b3b3b\"><meta charset=\"utf-8\"><meta charset=\"utf-8\"><br>C Primer Marqu\u00e8s de les Franqueses, 30<br>08402 Granollers<br>Barcelona<br>T 93 840 26 54 \u2014 M 675 97 26 93<br><br><a href=\"mailto:info@lgarea.com\">info@lgarea.com<\/a><br><a href=\"mailto:comunitats@lgarea.com\">comunitats@lgarea.com<\/a><\/p>\n\n\n\n<div style=\"margin-top:5px;\"><a href=\"https:\/\/wa.me\/+34675972693\" target=\"_blank\" rel=\"noopener\">\n<img loading=\"lazy\" decoding=\"async\" style=\"color: #0000c3;\" src=\"https:\/\/lgarea.com\/wp-content\/uploads\/2022\/02\/whats-b.svg\" alt=\"\" class=\"wp-image-971\" width=\"22\" height=\"22\"> whatsapp<\/a><\/div>\n<\/div>\n\n\n\n<div class=\"wp-block-column is-layout-flow wp-block-column-is-layout-flow\">\n<iframe src=\"https:\/\/www.google.com\/maps\/embed?pb=!1m18!1m12!1m3!1d2982.644732829414!2d2.290556507312868!3d41.62019352157543!2m3!1f0!2f0!3f0!3m2!1i1024!2i768!4f13.1!3m3!1m2!1s0x0%3A0xe6ccd664112c3d66!2sLg%20%C3%80rea%20Fiscal-Legal%20S.C.P.!5e0!3m2!1sca!2ses!4v1625776001432!5m2!1sca!2ses\" width=\"100%\" height=\"100%\" style=\"border:0;\" allowfullscreen=\"\" loading=\"lazy\"><\/iframe>\n<\/div>\n<\/div>\n\n\n\n<div style=\"height:60px\" aria-hidden=\"true\" class=\"wp-block-spacer\"><\/div>\n<\/div><\/div>\n\n\n\n<div style=\"height:40px\" aria-hidden=\"true\" class=\"wp-block-spacer\"><\/div>\n\n\n\n<div class=\"wp-block-cover alignfull is-light\" style=\"min-height:475px;aspect-ratio:unset;\" id=\"contacta\"><span aria-hidden=\"true\" class=\"wp-block-cover__background has-background-dim-100 has-background-dim\" style=\"background-color:#ededed\"><\/span><div class=\"wp-block-cover__inner-container is-layout-flow wp-block-cover-is-layout-flow\">\n<div style=\"height:40px\" aria-hidden=\"true\" class=\"wp-block-spacer\"><\/div>\n\n\n\n<div class=\"wp-block-columns is-layout-flex wp-container-core-columns-is-layout-28f84493 wp-block-columns-is-layout-flex\">\n<div class=\"wp-block-column wow animate__animated animate__fadeInLeft is-layout-flow wp-block-column-is-layout-flow\">\n<figure class=\"wp-block-image size-large imatgePosSeg wow animate__animated animate__wow animate__animate__animate__fadeInLeft\"><img loading=\"lazy\" decoding=\"async\" width=\"773\" height=\"1024\" src=\"https:\/\/lgarea.com\/wp-content\/uploads\/2021\/08\/img-paper-773x1024.jpg\" alt=\"\" class=\"wp-image-888\" srcset=\"https:\/\/lgarea.com\/wp-content\/uploads\/2021\/08\/img-paper-773x1024.jpg 773w, https:\/\/lgarea.com\/wp-content\/uploads\/2021\/08\/img-paper-227x300.jpg 227w, https:\/\/lgarea.com\/wp-content\/uploads\/2021\/08\/img-paper-768x1017.jpg 768w, https:\/\/lgarea.com\/wp-content\/uploads\/2021\/08\/img-paper.jpg 1065w\" sizes=\"auto, (max-width: 773px) 100vw, 773px\" \/><\/figure>\n<\/div>\n\n\n\n<div class=\"wp-block-column wow animate__animated animate__fadeInRight is-layout-flow wp-block-column-is-layout-flow\">\n<h2 class=\"wp-block-heading has-text-align-left has-text-color\" id=\"contacta-amb-nosaltres\" style=\"color:#0000c3\">Contacta con <br>nosotros.<\/h2>\n\n\n\n<div class=\"wpforms-container \" id=\"wpforms-1193\"><form id=\"wpforms-form-1193\" class=\"wpforms-validate wpforms-form\" data-formid=\"1193\" method=\"post\" enctype=\"multipart\/form-data\" action=\"\/es\/wp-json\/wp\/v2\/pages\/1173?wpforms_form_id=1193\" data-token=\"268c9e0d5adc8c134ffff57eaff8169e\"><noscript class=\"wpforms-error-noscript\">Por favor, activa JavaScript en tu navegador para completar este formulario.<\/noscript><div class=\"wpforms-field-container\"><div id=\"wpforms-1193-field_4-container\" class=\"wpforms-field wpforms-field-text\" data-field-id=\"4\"><label class=\"wpforms-field-label\" for=\"wpforms-1193-field_4\">Nombre y apellidos <span class=\"wpforms-required-label\">*<\/span><\/label><input type=\"text\" id=\"wpforms-1193-field_4\" class=\"wpforms-field-large wpforms-field-required\" name=\"wpforms[fields][4]\" required><\/div><div id=\"wpforms-1193-field_5-container\" class=\"wpforms-field wpforms-field-text\" data-field-id=\"5\"><label class=\"wpforms-field-label\" for=\"wpforms-1193-field_5\">empresa<\/label><input type=\"text\" id=\"wpforms-1193-field_5\" class=\"wpforms-field-large\" name=\"wpforms[fields][5]\" ><\/div><div id=\"wpforms-1193-field_1-container\" class=\"wpforms-field wpforms-field-email\" data-field-id=\"1\"><label class=\"wpforms-field-label\" for=\"wpforms-1193-field_1\">email <span class=\"wpforms-required-label\">*<\/span><\/label><input type=\"email\" id=\"wpforms-1193-field_1\" class=\"wpforms-field-large wpforms-field-required\" name=\"wpforms[fields][1]\" required><\/div><div id=\"wpforms-1193-field_2-container\" class=\"wpforms-field wpforms-field-textarea\" data-field-id=\"2\"><label class=\"wpforms-field-label\" for=\"wpforms-1193-field_2\">Consulta <span class=\"wpforms-required-label\">*<\/span><\/label><textarea id=\"wpforms-1193-field_2\" class=\"wpforms-field-small wpforms-field-required\" name=\"wpforms[fields][2]\" required><\/textarea><\/div><div id=\"wpforms-1193-field_6-container\" class=\"wpforms-field wpforms-field-file-upload\" data-field-id=\"6\"><label class=\"wpforms-field-label\" for=\"wpforms-1193-field_6\">Adjuntar archivo<\/label><div class=\"wpforms-uploader\"\n\tdata-field-id=\"6\"\n\tdata-form-id=\"1193\"\n\tdata-input-name=\"wpforms_1193_6\"\n\tdata-extensions=\"jpg,jpeg,jpe,gif,png,bmp,tiff,tif,webp,avif,ico,heic,heif,heics,heifs,asf,asx,wmv,wmx,wm,avi,divx,mov,qt,mpeg,mpg,mpe,mp4,m4v,ogv,webm,mkv,3gp,3gpp,3g2,3gp2,txt,asc,c,cc,h,srt,csv,tsv,ics,rtx,css,vtt,mp3,m4a,m4b,aac,ra,ram,wav,ogg,oga,flac,mid,midi,wma,wax,mka,rtf,pdf,class,tar,zip,gz,gzip,rar,7z,psd,xcf,doc,pot,pps,ppt,wri,xla,xls,xlt,xlw,mpp,docx,docm,dotx,dotm,xlsx,xlsm,xlsb,xltx,xltm,xlam,pptx,pptm,ppsx,ppsm,potx,potm,ppam,sldx,sldm,onetoc,onetoc2,onepkg,oxps,xps,odt,odp,ods,odg,odc,odb,odf,wp,wpd,key,numbers,pages\"\n\tdata-max-size=\"2097152\"\n\tdata-max-file-number=\"1\"\n\tdata-post-max-size=\"8388608\"\n    data-max-parallel-uploads=\"4\"\n    data-parallel-uploads=\"true\"\n\tdata-file-chunk-size=\"2097152\">\n\t<div class=\"dz-message\">\n\t\t<svg viewBox=\"0 0 1024 1024\" focusable=\"false\" class=\"\" data-icon=\"inbox\" width=\"50px\" height=\"50px\" fill=\"#B1B1B1\" aria-hidden=\"true\"><path d=\"M885.2 446.3l-.2-.8-112.2-285.1c-5-16.1-19.9-27.2-36.8-27.2H281.2c-17 0-32.1 11.3-36.9 27.6L139.4 443l-.3.7-.2.8c-1.3 4.9-1.7 9.9-1 14.8-.1 1.6-.2 3.2-.2 4.8V830a60.9 60.9 0 0 0 60.8 60.8h627.2c33.5 0 60.8-27.3 60.9-60.8V464.1c0-1.3 0-2.6-.1-3.7.4-4.9 0-9.6-1.3-14.1zm-295.8-43l-.3 15.7c-.8 44.9-31.8 75.1-77.1 75.1-22.1 0-41.1-7.1-54.8-20.6S436 441.2 435.6 419l-.3-15.7H229.5L309 210h399.2l81.7 193.3H589.4zm-375 76.8h157.3c24.3 57.1 76 90.8 140.4 90.8 33.7 0 65-9.4 90.3-27.2 22.2-15.6 39.5-37.4 50.7-63.6h156.5V814H214.4V480.1z\"><\/path><\/svg>\n\t\t<span class=\"modern-title\">\n\t\t\tHaz clic o arrastra un archivo a este \u00e1rea para subirlo.\t\t<\/span>\n\n\t\t\t<\/div>\n<\/div>\n<input type=\"text\" class=\"dropzone-input\"\n\tstyle=\"position:absolute!important;clip:rect(0,0,0,0)!important;height:1px!important;width:1px!important;border:0!important;overflow:hidden!important;padding:0!important;margin:0!important;\"\n\tid=\"wpforms-1193-field_6\"\n\tname=\"wpforms_1193_6\" >\n<\/div><\/div><div class=\"wpforms-recaptcha-container wpforms-is-hcaptcha\" ><div class=\"g-recaptcha\" data-sitekey=\"ac4c1111-84c5-4ced-861b-f9115facb9a9\"><\/div><\/div><div class=\"wpforms-submit-container\" ><input type=\"hidden\" name=\"wpforms[id]\" value=\"1193\"><input type=\"hidden\" name=\"wpforms[author]\" value=\"1\"><button type=\"submit\" name=\"wpforms[submit]\" class=\"wpforms-submit botoform\" id=\"wpforms-submit-1193\" value=\"wpforms-submit\" aria-live=\"assertive\" data-alt-text=\"Enviando...\" data-submit-text=\"Enviar\">Enviar<\/button><\/div><\/form><\/div>  <!-- .wpforms-container -->\n<\/div>\n<\/div>\n<\/div><\/div>\n\n\n\n<div style=\"height:120px\" aria-hidden=\"true\" class=\"wp-block-spacer\"><\/div>\n","protected":false},"excerpt":{"rendered":"","protected":false},"author":1,"featured_media":0,"parent":0,"menu_order":0,"comment_status":"closed","ping_status":"closed","template":"","meta":{"inline_featured_image":false,"site-sidebar-layout":"no-sidebar","site-content-layout":"plain-container","ast-global-header-display":"","ast-main-header-display":"","ast-hfb-above-header-display":"","ast-hfb-below-header-display":"","ast-hfb-mobile-header-display":"","site-post-title":"disabled","ast-breadcrumbs-content":"","ast-featured-img":"","footer-sml-layout":"","theme-transparent-header-meta":"disabled","adv-header-id-meta":"","stick-header-meta":"","header-above-stick-meta":"","header-main-stick-meta":"","header-below-stick-meta":"","footnotes":""},"class_list":["post-1173","page","type-page","status-publish","hentry"],"yoast_head":"<!-- This site is optimized with the Yoast SEO plugin v20.5 - https:\/\/yoast.com\/wordpress\/plugins\/seo\/ -->\n<title>LG \u00e0rea fiscal-legal - LG \u00e0rea fiscal-legal<\/title>\n<meta name=\"robots\" content=\"index, follow, max-snippet:-1, max-image-preview:large, max-video-preview:-1\" \/>\n<link rel=\"canonical\" href=\"https:\/\/lgarea.com\/es\/\" \/>\n<meta property=\"og:locale\" content=\"es_ES\" \/>\n<meta property=\"og:type\" content=\"article\" \/>\n<meta property=\"og:title\" content=\"LG \u00e0rea fiscal-legal - LG \u00e0rea fiscal-legal\" \/>\n<meta property=\"og:url\" content=\"https:\/\/lgarea.com\/es\/\" \/>\n<meta property=\"og:site_name\" content=\"LG \u00e0rea fiscal-legal\" \/>\n<meta property=\"article:modified_time\" content=\"2023-04-25T09:14:38+00:00\" \/>\n<meta property=\"og:image\" content=\"https:\/\/lgarea.com\/wp-content\/uploads\/2021\/07\/img-home-878x1024.jpg\" \/>\n<meta name=\"twitter:card\" content=\"summary_large_image\" \/>\n<meta name=\"twitter:label1\" content=\"Tiempo de lectura\" \/>\n\t<meta name=\"twitter:data1\" content=\"3 minutos\" \/>\n<script type=\"application\/ld+json\" class=\"yoast-schema-graph\">{\"@context\":\"https:\/\/schema.org\",\"@graph\":[{\"@type\":\"WebPage\",\"@id\":\"https:\/\/lgarea.com\/es\/\",\"url\":\"https:\/\/lgarea.com\/es\/\",\"name\":\"LG \u00e0rea fiscal-legal - LG \u00e0rea fiscal-legal\",\"isPartOf\":{\"@id\":\"https:\/\/lgarea.com\/#website\"},\"datePublished\":\"2022-03-01T14:09:50+00:00\",\"dateModified\":\"2023-04-25T09:14:38+00:00\",\"breadcrumb\":{\"@id\":\"https:\/\/lgarea.com\/es\/#breadcrumb\"},\"inLanguage\":\"es\",\"potentialAction\":[{\"@type\":\"ReadAction\",\"target\":[\"https:\/\/lgarea.com\/es\/\"]}]},{\"@type\":\"BreadcrumbList\",\"@id\":\"https:\/\/lgarea.com\/es\/#breadcrumb\",\"itemListElement\":[{\"@type\":\"ListItem\",\"position\":1,\"name\":\"Inici\",\"item\":\"https:\/\/lgarea.com\/es\/\"},{\"@type\":\"ListItem\",\"position\":2,\"name\":\"LG \u00e0rea fiscal-legal\"}]},{\"@type\":\"WebSite\",\"@id\":\"https:\/\/lgarea.com\/#website\",\"url\":\"https:\/\/lgarea.com\/\",\"name\":\"LG \u00e0rea fiscal-legal\",\"description\":\"Assessorament i gesti\u00f3 empresarial de tipus fiscal, social, laboral o comptable.\",\"publisher\":{\"@id\":\"https:\/\/lgarea.com\/#organization\"},\"potentialAction\":[{\"@type\":\"SearchAction\",\"target\":{\"@type\":\"EntryPoint\",\"urlTemplate\":\"https:\/\/lgarea.com\/?s={search_term_string}\"},\"query-input\":\"required name=search_term_string\"}],\"inLanguage\":\"es\"},{\"@type\":\"Organization\",\"@id\":\"https:\/\/lgarea.com\/#organization\",\"name\":\"LG \u00e0rea fiscal - legal\",\"url\":\"https:\/\/lgarea.com\/\",\"logo\":{\"@type\":\"ImageObject\",\"inLanguage\":\"es\",\"@id\":\"https:\/\/lgarea.com\/#\/schema\/logo\/image\/\",\"url\":\"https:\/\/lgarea.com\/wp-content\/uploads\/2022\/03\/lg-area-logo.svg\",\"contentUrl\":\"https:\/\/lgarea.com\/wp-content\/uploads\/2022\/03\/lg-area-logo.svg\",\"width\":\"1024\",\"height\":\"1024\",\"caption\":\"LG \u00e0rea fiscal - legal\"},\"image\":{\"@id\":\"https:\/\/lgarea.com\/#\/schema\/logo\/image\/\"}}]}<\/script>\n<!-- \/ Yoast SEO plugin. -->","yoast_head_json":{"title":"LG \u00e0rea fiscal-legal - LG \u00e0rea fiscal-legal","robots":{"index":"index","follow":"follow","max-snippet":"max-snippet:-1","max-image-preview":"max-image-preview:large","max-video-preview":"max-video-preview:-1"},"canonical":"https:\/\/lgarea.com\/es\/","og_locale":"es_ES","og_type":"article","og_title":"LG \u00e0rea fiscal-legal - LG \u00e0rea fiscal-legal","og_url":"https:\/\/lgarea.com\/es\/","og_site_name":"LG \u00e0rea fiscal-legal","article_modified_time":"2023-04-25T09:14:38+00:00","og_image":[{"url":"https:\/\/lgarea.com\/wp-content\/uploads\/2021\/07\/img-home-878x1024.jpg"}],"twitter_card":"summary_large_image","twitter_misc":{"Tiempo de lectura":"3 minutos"},"schema":{"@context":"https:\/\/schema.org","@graph":[{"@type":"WebPage","@id":"https:\/\/lgarea.com\/es\/","url":"https:\/\/lgarea.com\/es\/","name":"LG \u00e0rea fiscal-legal - LG \u00e0rea fiscal-legal","isPartOf":{"@id":"https:\/\/lgarea.com\/#website"},"datePublished":"2022-03-01T14:09:50+00:00","dateModified":"2023-04-25T09:14:38+00:00","breadcrumb":{"@id":"https:\/\/lgarea.com\/es\/#breadcrumb"},"inLanguage":"es","potentialAction":[{"@type":"ReadAction","target":["https:\/\/lgarea.com\/es\/"]}]},{"@type":"BreadcrumbList","@id":"https:\/\/lgarea.com\/es\/#breadcrumb","itemListElement":[{"@type":"ListItem","position":1,"name":"Inici","item":"https:\/\/lgarea.com\/es\/"},{"@type":"ListItem","position":2,"name":"LG \u00e0rea fiscal-legal"}]},{"@type":"WebSite","@id":"https:\/\/lgarea.com\/#website","url":"https:\/\/lgarea.com\/","name":"LG \u00e0rea fiscal-legal","description":"Assessorament i gesti\u00f3 empresarial de tipus fiscal, social, laboral o comptable.","publisher":{"@id":"https:\/\/lgarea.com\/#organization"},"potentialAction":[{"@type":"SearchAction","target":{"@type":"EntryPoint","urlTemplate":"https:\/\/lgarea.com\/?s={search_term_string}"},"query-input":"required name=search_term_string"}],"inLanguage":"es"},{"@type":"Organization","@id":"https:\/\/lgarea.com\/#organization","name":"LG \u00e0rea fiscal - legal","url":"https:\/\/lgarea.com\/","logo":{"@type":"ImageObject","inLanguage":"es","@id":"https:\/\/lgarea.com\/#\/schema\/logo\/image\/","url":"https:\/\/lgarea.com\/wp-content\/uploads\/2022\/03\/lg-area-logo.svg","contentUrl":"https:\/\/lgarea.com\/wp-content\/uploads\/2022\/03\/lg-area-logo.svg","width":"1024","height":"1024","caption":"LG \u00e0rea fiscal - legal"},"image":{"@id":"https:\/\/lgarea.com\/#\/schema\/logo\/image\/"}}]}},"_links":{"self":[{"href":"https:\/\/lgarea.com\/es\/wp-json\/wp\/v2\/pages\/1173","targetHints":{"allow":["GET"]}}],"collection":[{"href":"https:\/\/lgarea.com\/es\/wp-json\/wp\/v2\/pages"}],"about":[{"href":"https:\/\/lgarea.com\/es\/wp-json\/wp\/v2\/types\/page"}],"author":[{"embeddable":true,"href":"https:\/\/lgarea.com\/es\/wp-json\/wp\/v2\/users\/1"}],"replies":[{"embeddable":true,"href":"https:\/\/lgarea.com\/es\/wp-json\/wp\/v2\/comments?post=1173"}],"version-history":[{"count":1,"href":"https:\/\/lgarea.com\/es\/wp-json\/wp\/v2\/pages\/1173\/revisions"}],"predecessor-version":[{"id":1205,"href":"https:\/\/lgarea.com\/es\/wp-json\/wp\/v2\/pages\/1173\/revisions\/1205"}],"wp:attachment":[{"href":"https:\/\/lgarea.com\/es\/wp-json\/wp\/v2\/media?parent=1173"}],"curies":[{"name":"wp","href":"https:\/\/api.w.org\/{rel}","templated":true}]}}